{"id":6,"date":"2022-10-06T22:28:12","date_gmt":"2022-10-06T22:28:12","guid":{"rendered":"https:\/\/aestro.cl\/SitiosWP\/?page_id=6"},"modified":"2022-10-06T22:28:12","modified_gmt":"2022-10-06T22:28:12","slug":"el-nuevo-umoma-abre-sus-puertas-2","status":"publish","type":"page","link":"https:\/\/aestro.cl\/SitiosWP\/","title":{"rendered":"El nuevo UMoMA abre sus puertas"},"content":{"rendered":"<body><div class=\"wp-block-group alignwide\"><div class=\"wp-block-group__inner-container is-layout-flow wp-block-group-is-layout-flow\"><h2 class=\"has-text-align-center wp-block-heading\">El principal destino para el arte moderno en el norte de Suecia. Abierto de 10:00 a 18:00 h. todos los d\u00edas durante los meses de verano.<\/h2><\/div><\/div><div class=\"wp-block-columns alignwide is-layout-flex wp-container-core-columns-is-layout-1 wp-block-columns-is-layout-flex\"><div class=\"wp-block-column is-layout-flow wp-block-column-is-layout-flow\"><div class=\"wp-block-group\"><div class=\"wp-block-group__inner-container is-layout-flow wp-block-group-is-layout-flow\"><figure class=\"wp-block-image alignfull size-full\"><img data-recalc-dims=\"1\" decoding=\"async\" src=\"https:\/\/i0.wp.com\/aestro.cl\/SitiosWP\/wp-content\/themes\/twentytwenty\/assets\/images\/2020-three-quarters-1.png?w=580&#038;ssl=1\" alt=\"\" class=\"wp-image-37\" loading=\"lazy\"><\/figure><h3 class=\"wp-block-heading\">Obras y d\u00edas<\/h3><p>1 de Agosto \u2014 1 de Diciembre<\/p><div class=\"wp-block-button is-style-outline is-style-outline--7df6895cc608a35ef065fff436dc34ba\"><a class=\"wp-block-button__link\" href=\"https:\/\/make.wordpress.org\/core\/2019\/09\/27\/block-editor-theme-related-updates-in-wordpress-5-3\/\">Leer m\u00e1s<\/a><\/div><\/div><\/div><div class=\"wp-block-group\"><div class=\"wp-block-group__inner-container is-layout-flow wp-block-group-is-layout-flow\"><figure class=\"wp-block-image alignfull size-full\"><img data-recalc-dims=\"1\" decoding=\"async\" src=\"https:\/\/i0.wp.com\/aestro.cl\/SitiosWP\/wp-content\/themes\/twentytwenty\/assets\/images\/2020-three-quarters-3.png?w=580&#038;ssl=1\" alt=\"\" class=\"wp-image-37\" loading=\"lazy\"><\/figure><h3 class=\"wp-block-heading\">Teatro de operaciones<\/h3><p>1 de Octubre \u2014 1 de Diciembre<\/p><div class=\"wp-block-button is-style-outline is-style-outline--7df6895cc608a35ef065fff436dc34ba\"><a class=\"wp-block-button__link\" href=\"https:\/\/make.wordpress.org\/core\/2019\/09\/27\/block-editor-theme-related-updates-in-wordpress-5-3\/\">Leer m\u00e1s<\/a><\/div><\/div><\/div><\/div><div class=\"wp-block-column is-layout-flow wp-block-column-is-layout-flow\"><div class=\"wp-block-group\"><div class=\"wp-block-group__inner-container is-layout-flow wp-block-group-is-layout-flow\"><figure class=\"wp-block-image alignfull size-full\"><img data-recalc-dims=\"1\" decoding=\"async\" src=\"https:\/\/i0.wp.com\/aestro.cl\/SitiosWP\/wp-content\/themes\/twentytwenty\/assets\/images\/2020-three-quarters-2.png?w=580&#038;ssl=1\" alt=\"\" class=\"wp-image-37\" loading=\"lazy\"><\/figure><h3 class=\"wp-block-heading\">La vida que me merezco<\/h3><p>1 de Agosto \u2014 1 de Diciembre<\/p><div class=\"wp-block-button is-style-outline is-style-outline--7df6895cc608a35ef065fff436dc34ba\"><a class=\"wp-block-button__link\" href=\"https:\/\/make.wordpress.org\/core\/2019\/09\/27\/block-editor-theme-related-updates-in-wordpress-5-3\/\">Leer m\u00e1s<\/a><\/div><\/div><\/div><div class=\"wp-block-group\"><div class=\"wp-block-group__inner-container is-layout-flow wp-block-group-is-layout-flow\"><figure class=\"wp-block-image alignfull size-full\"><img data-recalc-dims=\"1\" decoding=\"async\" src=\"https:\/\/i0.wp.com\/aestro.cl\/SitiosWP\/wp-content\/themes\/twentytwenty\/assets\/images\/2020-three-quarters-4.png?w=580&#038;ssl=1\" alt=\"\" class=\"wp-image-37\" loading=\"lazy\"><\/figure><h3 class=\"wp-block-heading\">Desde Signac a Matisse<\/h3><p>1 de Octubre \u2014 1 de Diciembre<\/p><div class=\"wp-block-button is-style-outline is-style-outline--7df6895cc608a35ef065fff436dc34ba\"><a class=\"wp-block-button__link\" href=\"https:\/\/make.wordpress.org\/core\/2019\/09\/27\/block-editor-theme-related-updates-in-wordpress-5-3\/\">Leer m\u00e1s<\/a><\/div><\/div><\/div><\/div><\/div><figure class=\"wp-block-image alignfull size-full\"><img data-recalc-dims=\"1\" decoding=\"async\" src=\"https:\/\/i0.wp.com\/aestro.cl\/SitiosWP\/wp-content\/themes\/twentytwenty\/assets\/images\/2020-landscape-2.png?w=580&#038;ssl=1\" alt=\"\" class=\"wp-image-37\" loading=\"lazy\"><\/figure><div class=\"wp-block-group alignwide\"><div class=\"wp-block-group__inner-container is-layout-flow wp-block-group-is-layout-flow\"><h2 class=\"has-accent-color has-text-align-center wp-block-heading\">\u00abLos c\u00edborgs, como estableci\u00f3 la fil\u00f3sofa Donna Haraway, no son reverentes. No recuerdan el cosmos\u00bb.<\/h2><\/div><\/div><p class=\"has-drop-cap\">Con siete pisos de arquitectura impresionante, UMoMA muestra exposiciones de arte contempor\u00e1neo internacional, a veces junto con retrospectivas hist\u00f3ricas del arte. Los problemas existenciales, pol\u00edticos y filos\u00f3ficos son intr\u00ednsecos a nuestro programa. Como visitante, est\u00e1s invitado a visitas guiadas, charlas de artistas, conferencias, proyecciones de pel\u00edculas y otros eventos con entrada gratuita<\/p><p>Las exposiciones son realizadas por UMoMA en colaboraci\u00f3n con artistas y museos de todo el mundo y, a menudo, atraen la atenci\u00f3n internacional. UMoMA ha recibido una menci\u00f3n especial del Museo Europeo del A\u00f1o y ha sido uno de los principales candidatos al Premio Sueco al Museo del A\u00f1o, as\u00ed como al Premio del Consejo de Europa.<\/p><p><\/p><div class=\"wp-block-group alignwide has-background\" style=\"background-color:#ffffff\"><div class=\"wp-block-group__inner-container is-layout-flow wp-block-group-is-layout-flow\"><div class=\"wp-block-group\"><div class=\"wp-block-group__inner-container is-layout-flow wp-block-group-is-layout-flow\"><h2 class=\"has-text-align-center wp-block-heading\">\u00a1Hazte miembro y obt\u00e9n ofertas exclusivas!<\/h2><p class=\"has-text-align-center\">Los miembros obtienen acceso a exhibiciones y ventas exclusivas. Nuestra membres\u00eda cuesta 99,99 $ y es facturada anualmente.<\/p><div class=\"wp-block-button aligncenter\"><a class=\"wp-block-button__link\" href=\"https:\/\/make.wordpress.org\/core\/2019\/09\/27\/block-editor-theme-related-updates-in-wordpress-5-3\/\">\u00danete al club<\/a><\/div><\/div><\/div><\/div><\/div><figure class=\"wp-block-gallery alignwide columns-2 is-cropped wp-block-gallery-1 is-layout-flex wp-block-gallery-is-layout-flex\"><ul class=\"blocks-gallery-grid\"><li class=\"blocks-gallery-item\"><figure><img data-recalc-dims=\"1\" decoding=\"async\" src=\"https:\/\/i0.wp.com\/aestro.cl\/SitiosWP\/wp-content\/themes\/twentytwenty\/assets\/images\/2020-square-2.png?w=580&#038;ssl=1\" alt=\"\" data-id=\"39\" data-full-url=\"https:\/\/aestro.cl\/SitiosWP\/wp-content\/themes\/twentytwenty\/assets\/images\/2020-square-2.png\" data-link=\"assets\/images\/2020-square-2\/\" class=\"wp-image-39\" loading=\"lazy\"><\/figure><\/li><li class=\"blocks-gallery-item\"><figure><img data-recalc-dims=\"1\" decoding=\"async\" src=\"https:\/\/i0.wp.com\/aestro.cl\/SitiosWP\/wp-content\/themes\/twentytwenty\/assets\/images\/2020-square-1.png?w=580&#038;ssl=1\" alt=\"\" data-id=\"38\" data-full-url=\"https:\/\/aestro.cl\/SitiosWP\/wp-content\/themes\/twentytwenty\/assets\/images\/2020-square-1.png\" data-link=\"https:\/\/aestro.cl\/SitiosWP\/wp-content\/themes\/twentytwenty\/assets\/images\/2020-square-1\/\" class=\"wp-image-38\" loading=\"lazy\"><\/figure><\/li><\/ul><\/figure><\/body>","protected":false},"excerpt":{"rendered":"<p>El principal destino para el arte moderno en el norte de Suecia. Abierto de 10:00 a 18:00 h. todos los d\u00edas durante los meses de verano. Obras y d\u00edas 1 de Agosto \u2014 1 de Diciembre Teatro de operaciones 1 de Octubre \u2014 1 de Diciembre La vida que me merezco 1 de Agosto \u2014 [&hellip;]<\/p>\n","protected":false},"author":1,"featured_media":5,"parent":0,"menu_order":0,"comment_status":"closed","ping_status":"closed","template":"","meta":{"footnotes":""},"class_list":["post-6","page","type-page","status-publish","has-post-thumbnail","hentry"],"jetpack_sharing_enabled":true,"_links":{"self":[{"href":"https:\/\/aestro.cl\/SitiosWP\/wp-json\/wp\/v2\/pages\/6"}],"collection":[{"href":"https:\/\/aestro.cl\/SitiosWP\/wp-json\/wp\/v2\/pages"}],"about":[{"href":"https:\/\/aestro.cl\/SitiosWP\/wp-json\/wp\/v2\/types\/page"}],"author":[{"embeddable":true,"href":"https:\/\/aestro.cl\/SitiosWP\/wp-json\/wp\/v2\/users\/1"}],"replies":[{"embeddable":true,"href":"https:\/\/aestro.cl\/SitiosWP\/wp-json\/wp\/v2\/comments?post=6"}],"version-history":[{"count":1,"href":"https:\/\/aestro.cl\/SitiosWP\/wp-json\/wp\/v2\/pages\/6\/revisions"}],"predecessor-version":[{"id":11,"href":"https:\/\/aestro.cl\/SitiosWP\/wp-json\/wp\/v2\/pages\/6\/revisions\/11"}],"wp:featuredmedia":[{"embeddable":true,"href":"https:\/\/aestro.cl\/SitiosWP\/wp-json\/wp\/v2\/media\/5"}],"wp:attachment":[{"href":"https:\/\/aestro.cl\/SitiosWP\/wp-json\/wp\/v2\/media?parent=6"}],"curies":[{"name":"wp","href":"https:\/\/api.w.org\/{rel}","templated":true}]}}