{"id":8,"date":"2022-10-06T22:28:12","date_gmt":"2022-10-06T22:28:12","guid":{"rendered":"https:\/\/aestro.cl\/SitiosWP\/?page_id=8"},"modified":"2022-10-06T22:28:12","modified_gmt":"2022-10-06T22:28:12","slug":"contacto","status":"publish","type":"page","link":"https:\/\/aestro.cl\/SitiosWP\/contacto\/","title":{"rendered":"Contacto"},"content":{"rendered":"<body>\n<p>Esta es una p\u00e1gina con informaci\u00f3n de contacto b\u00e1sica, como la direcci\u00f3n y el n\u00famero de tel\u00e9fono. Incluso puedes probar un plugin para a\u00f1adir un formulario de contacto.<\/p>\n<\/body>","protected":false},"excerpt":{"rendered":"<p>Esta es una p\u00e1gina con informaci\u00f3n de contacto b\u00e1sica, como la direcci\u00f3n y el n\u00famero de tel\u00e9fono. Incluso puedes probar un plugin para a\u00f1adir un formulario de contacto.<\/p>\n","protected":false},"author":1,"featured_media":0,"parent":0,"menu_order":0,"comment_status":"closed","ping_status":"closed","template":"","meta":{"footnotes":""},"class_list":["post-8","page","type-page","status-publish","hentry"],"jetpack_sharing_enabled":true,"_links":{"self":[{"href":"https:\/\/aestro.cl\/SitiosWP\/wp-json\/wp\/v2\/pages\/8"}],"collection":[{"href":"https:\/\/aestro.cl\/SitiosWP\/wp-json\/wp\/v2\/pages"}],"about":[{"href":"https:\/\/aestro.cl\/SitiosWP\/wp-json\/wp\/v2\/types\/page"}],"author":[{"embeddable":true,"href":"https:\/\/aestro.cl\/SitiosWP\/wp-json\/wp\/v2\/users\/1"}],"replies":[{"embeddable":true,"href":"https:\/\/aestro.cl\/SitiosWP\/wp-json\/wp\/v2\/comments?post=8"}],"version-history":[{"count":1,"href":"https:\/\/aestro.cl\/SitiosWP\/wp-json\/wp\/v2\/pages\/8\/revisions"}],"predecessor-version":[{"id":13,"href":"https:\/\/aestro.cl\/SitiosWP\/wp-json\/wp\/v2\/pages\/8\/revisions\/13"}],"wp:attachment":[{"href":"https:\/\/aestro.cl\/SitiosWP\/wp-json\/wp\/v2\/media?parent=8"}],"curies":[{"name":"wp","href":"https:\/\/api.w.org\/{rel}","templated":true}]}}